{"id":2432,"date":"2025-03-05T18:16:28","date_gmt":"2025-03-05T18:16:28","guid":{"rendered":"https:\/\/taxiboat-split.com\/?page_id=2432"},"modified":"2025-11-12T18:33:09","modified_gmt":"2025-11-12T18:33:09","slug":"blog","status":"publish","type":"page","link":"https:\/\/taxiboat-split.com\/de\/blog\/","title":{"rendered":"Blog"},"content":{"rendered":"<div data-elementor-type=\"wp-page\" data-elementor-id=\"2432\" class=\"elementor elementor-2432\">\n\t\t\t\t\t\t\t\t\t<section class=\"elementor-section elementor-top-section elementor-element elementor-element-1b84baf elementor-section-boxed elementor-section-height-default elementor-section-height-default\" data-id=\"1b84baf\" data-element_type=\"section\">\n\t\t\t\t\t\t<div class=\"elementor-container elementor-column-gap-default\">\n\t\t\t\t\t<div class=\"elementor-column elementor-col-100 elementor-top-column elementor-element elementor-element-186ccb3\" data-id=\"186ccb3\" data-element_type=\"column\">\n\t\t\t<div class=\"elementor-widget-wrap elementor-element-populated\">\n\t\t\t\t\t\t\t\t<div class=\"elementor-element elementor-element-0fb6b21 elementor-widget elementor-widget-heading\" data-id=\"0fb6b21\" data-element_type=\"widget\" data-widget_type=\"heading.default\">\n\t\t\t\t<div class=\"elementor-widget-container\">\n\t\t\t<style>\/*! elementor - v3.11.5 - 14-03-2023 *\/\n.elementor-heading-title{padding:0;margin:0;line-height:1}.elementor-widget-heading .elementor-heading-title[class*=elementor-size-]>a{color:inherit;font-size:inherit;line-height:inherit}.elementor-widget-heading .elementor-heading-title.elementor-size-small{font-size:15px}.elementor-widget-heading .elementor-heading-title.elementor-size-medium{font-size:19px}.elementor-widget-heading .elementor-heading-title.elementor-size-large{font-size:29px}.elementor-widget-heading .elementor-heading-title.elementor-size-xl{font-size:39px}.elementor-widget-heading .elementor-heading-title.elementor-size-xxl{font-size:59px}<\/style><h1 class=\"elementor-heading-title elementor-size-default\">Entdecken Sie die Sch\u00f6nheit Kroatiens: Reisetipps &amp; Insider-Tipps<\/h1>\t\t<\/div>\n\t\t\t\t<\/div>\n\t\t\t\t\t<\/div>\n\t\t<\/div>\n\t\t\t\t\t\t\t<\/div>\n\t\t<\/section>\n\t\t\t\t<section class=\"elementor-section elementor-top-section elementor-element elementor-element-1c5f44f elementor-section-boxed elementor-section-height-default elementor-section-height-default\" data-id=\"1c5f44f\" data-element_type=\"section\">\n\t\t\t\t\t\t<div class=\"elementor-container elementor-column-gap-default\">\n\t\t\t\t\t<div class=\"elementor-column elementor-col-50 elementor-top-column elementor-element elementor-element-52be124\" data-id=\"52be124\" data-element_type=\"column\">\n\t\t\t<div class=\"elementor-widget-wrap elementor-element-populated\">\n\t\t\t\t\t\t\t\t<div class=\"elementor-element elementor-element-993bada elementor-widget elementor-widget-jet-listing-grid\" data-id=\"993bada\" data-element_type=\"widget\" data-settings=\"{&quot;columns_mobile&quot;:&quot;1&quot;,&quot;columns&quot;:3}\" data-widget_type=\"jet-listing-grid.default\">\n\t\t\t\t<div class=\"elementor-widget-container\">\n\t\t\t<div class=\"jet-listing-grid jet-listing-grid--lazy-load jet-listing\" data-lazy-load=\"{&quot;offset&quot;:&quot;0px&quot;,&quot;post_id&quot;:2432,&quot;queried_id&quot;:&quot;2432|WP_Post&quot;}\"><\/div>\t\t<\/div>\n\t\t\t\t<\/div>\n\t\t\t\t\t<\/div>\n\t\t<\/div>\n\t\t\t\t<div class=\"elementor-column elementor-col-50 elementor-top-column elementor-element elementor-element-c6daf41\" data-id=\"c6daf41\" data-element_type=\"column\">\n\t\t\t<div class=\"elementor-widget-wrap elementor-element-populated\">\n\t\t\t\t\t\t\t\t<div class=\"elementor-element elementor-element-90e0079 elementor-widget elementor-widget-wp-widget-categories\" data-id=\"90e0079\" data-element_type=\"widget\" data-widget_type=\"wp-widget-categories.default\">\n\t\t\t\t<div class=\"elementor-widget-container\">\n\t\t\t<h5>Blog-Kategorien<\/h5>\n\t\t\t<ul>\n\t\t\t\t\t<li class=\"cat-item cat-item-1\"><a href=\"https:\/\/taxiboat-split.com\/de\/category\/nicht-kategorisiert\/\">Nicht kategorisiert<\/a> (15)\n<\/li>\n\t\t\t<\/ul>\n\n\t\t\t\t\t<\/div>\n\t\t\t\t<\/div>\n\t\t\t\t<div class=\"elementor-element elementor-element-358ce8c elementor-widget elementor-widget-wp-widget-recent-posts\" data-id=\"358ce8c\" data-element_type=\"widget\" data-widget_type=\"wp-widget-recent-posts.default\">\n\t\t\t\t<div class=\"elementor-widget-container\">\n\t\t\t\n\t\t\n\t\t<h5>Neueste Beitr\u00e4ge<\/h5>\n\t\t<ul>\n\t\t\t\t\t\t\t\t\t\t\t<li>\n\t\t\t\t\t<a href=\"https:\/\/taxiboat-split.com\/de\/the-complete-guide-to-island-hvar-croatia-2026-update\/\">Der vollst\u00e4ndige Reisef\u00fchrer f\u00fcr die Insel Hvar, Kroatien (Aktualisierung 2026)<\/a>\n\t\t\t\t\t\t\t\t\t\t\t<span class=\"post-date\">17. November 2025<\/span>\n\t\t\t\t\t\t\t\t\t<\/li>\n\t\t\t\t\t\t\t\t\t\t\t<li>\n\t\t\t\t\t<a href=\"https:\/\/taxiboat-split.com\/de\/planen-sie-ihre-reise-mit-lokalen-experten-private-transfers-authentische-touren\/\">Planen Sie Ihre Reise mit lokalen Experten \u2013 Private Transfers &amp; authentische Touren<\/a>\n\t\t\t\t\t\t\t\t\t\t\t<span class=\"post-date\">13. November 2025<\/span>\n\t\t\t\t\t\t\t\t\t<\/li>\n\t\t\t\t\t\t\t\t\t\t\t<li>\n\t\t\t\t\t<a href=\"https:\/\/taxiboat-split.com\/de\/versteckte-schatze-von-hvar-kroatien\/\">Verborgene Sch\u00e4tze von Hvar, Kroatien<\/a>\n\t\t\t\t\t\t\t\t\t\t\t<span class=\"post-date\">13. November 2025<\/span>\n\t\t\t\t\t\t\t\t\t<\/li>\n\t\t\t\t\t\t\t\t\t\t\t<li>\n\t\t\t\t\t<a href=\"https:\/\/taxiboat-split.com\/de\/reisefuhrer-fur-hvar-2026\/\">Fortbewegung auf Hvar (Reisef\u00fchrer 2026)<\/a>\n\t\t\t\t\t\t\t\t\t\t\t<span class=\"post-date\">13. November 2025<\/span>\n\t\t\t\t\t\t\t\t\t<\/li>\n\t\t\t\t\t\t\t\t\t\t\t<li>\n\t\t\t\t\t<a href=\"https:\/\/taxiboat-split.com\/de\/veranstaltungen-saisonale-aktivitaten-in-hvar-2026-update\/\">Veranstaltungen &amp; Saisonale Aktivit\u00e4ten in Hvar (Aktualisierung 2026)<\/a>\n\t\t\t\t\t\t\t\t\t\t\t<span class=\"post-date\">13. November 2025<\/span>\n\t\t\t\t\t\t\t\t\t<\/li>\n\t\t\t\t\t\t\t\t\t\t\t<li>\n\t\t\t\t\t<a href=\"https:\/\/taxiboat-split.com\/de\/die-besten-aktivitaten-auf-der-insel-hvar\/\">Die besten Aktivit\u00e4ten auf der Insel Hvar<\/a>\n\t\t\t\t\t\t\t\t\t\t\t<span class=\"post-date\">13. November 2025<\/span>\n\t\t\t\t\t\t\t\t\t<\/li>\n\t\t\t\t\t\t\t\t\t\t\t<li>\n\t\t\t\t\t<a href=\"https:\/\/taxiboat-split.com\/de\/best-beaches-in-hvar-croatia-2026-update\/\">Die sch\u00f6nsten Str\u00e4nde in Hvar, Kroatien (Aktualisiert 2026)<\/a>\n\t\t\t\t\t\t\t\t\t\t\t<span class=\"post-date\">12. November 2025<\/span>\n\t\t\t\t\t\t\t\t\t<\/li>\n\t\t\t\t\t\t\t\t\t\t\t<li>\n\t\t\t\t\t<a href=\"https:\/\/taxiboat-split.com\/de\/hvar-nachtleben-2026-eine-neue-ara-der-inselabende\/\">Nachtleben auf Hvar 2026 \u2013 Eine neue \u00c4ra der Inselabende<\/a>\n\t\t\t\t\t\t\t\t\t\t\t<span class=\"post-date\">12. November 2025<\/span>\n\t\t\t\t\t\t\t\t\t<\/li>\n\t\t\t\t\t\t\t\t\t\t\t<li>\n\t\t\t\t\t<a href=\"https:\/\/taxiboat-split.com\/de\/2025\/11\/12\/wo-man-in-hvar-kroatien-essen-und-trinken-kann\/\">Wo man in Hvar, Kroatien, essen und trinken kann<\/a>\n\t\t\t\t\t\t\t\t\t\t\t<span class=\"post-date\">12. November 2025<\/span>\n\t\t\t\t\t\t\t\t\t<\/li>\n\t\t\t\t\t\t\t\t\t\t\t<li>\n\t\t\t\t\t<a href=\"https:\/\/taxiboat-split.com\/de\/hvar-reisetipps-ein-einheimischer-guide-fur-kroatiens-sonnigste-insel\/\">Hvar-Reisetipps: Ein Insider-Guide f\u00fcr Kroatiens sonnigste Insel<\/a>\n\t\t\t\t\t\t\t\t\t\t\t<span class=\"post-date\">12. November 2025<\/span>\n\t\t\t\t\t\t\t\t\t<\/li>\n\t\t\t\t\t<\/ul>\n\n\t\t\t\t<\/div>\n\t\t\t\t<\/div>\n\t\t\t\t\t<\/div>\n\t\t<\/div>\n\t\t\t\t\t\t\t<\/div>\n\t\t<\/section>\n\t\t\t\t\t\t\t<\/div>","protected":false},"excerpt":{"rendered":"<p>Entdecken Sie die Sch\u00f6nheit Kroatiens: Reisetipps &amp; Insider-Tipps<\/p>","protected":false},"author":1,"featured_media":0,"parent":0,"menu_order":0,"comment_status":"closed","ping_status":"closed","template":"","meta":{"footnotes":""},"class_list":["post-2432","page","type-page","status-publish","hentry"],"_links":{"self":[{"href":"https:\/\/taxiboat-split.com\/de\/wp-json\/wp\/v2\/pages\/2432","targetHints":{"allow":["GET"]}}],"collection":[{"href":"https:\/\/taxiboat-split.com\/de\/wp-json\/wp\/v2\/pages"}],"about":[{"href":"https:\/\/taxiboat-split.com\/de\/wp-json\/wp\/v2\/types\/page"}],"author":[{"embeddable":true,"href":"https:\/\/taxiboat-split.com\/de\/wp-json\/wp\/v2\/users\/1"}],"replies":[{"embeddable":true,"href":"https:\/\/taxiboat-split.com\/de\/wp-json\/wp\/v2\/comments?post=2432"}],"version-history":[{"count":11,"href":"https:\/\/taxiboat-split.com\/de\/wp-json\/wp\/v2\/pages\/2432\/revisions"}],"predecessor-version":[{"id":2699,"href":"https:\/\/taxiboat-split.com\/de\/wp-json\/wp\/v2\/pages\/2432\/revisions\/2699"}],"wp:attachment":[{"href":"https:\/\/taxiboat-split.com\/de\/wp-json\/wp\/v2\/media?parent=2432"}],"curies":[{"name":"wp","href":"https:\/\/api.w.org\/{rel}","templated":true}]}}